{"id":114,"date":"2024-08-26T19:25:25","date_gmt":"2024-08-26T19:25:25","guid":{"rendered":"https:\/\/asesoriasjuridicas.cl\/?page_id=114"},"modified":"2024-09-23T20:24:49","modified_gmt":"2024-09-23T20:24:49","slug":"galeria-de-videos","status":"publish","type":"page","link":"https:\/\/asesoriasjuridicas.cl\/index.php\/galeria-de-videos\/","title":{"rendered":"Galer\u00eda de Videos"},"content":{"rendered":"\n<p>Lista de Reproducci\u00f3n de las capsulas Educativas de Derecho Civil \u2013 Preparaci\u00f3n para el Examen de Grado, se reproducen continuamente una a una en forma cronol\u00f3gica, material creado para estudiantes y egresados de la carrera de Derecho de las universidades de la Rep\u00fablica de Chile<\/p>\n\n\n\n<figure class=\"wp-block-embed is-type-video is-provider-youtube wp-block-embed-youtube wp-embed-aspect-16-9 wp-has-aspect-ratio\"><div class=\"wp-block-embed__wrapper\">\n<iframe loading=\"lazy\" title=\"Capsula 1 - Acto Jur\u00eddico -  Prepara tu grado de DERECHO CIVIL con Ignacio Enrique Alarcon Benavides\" width=\"720\" height=\"405\" src=\"https:\/\/www.youtube.com\/embed\/GEXynY9taXA?list=PLZ_F91lgupD-0SeLB61xYjUlXmjNrIsd2\" frameborder=\"0\" allow=\"accelerometer; autoplay; clipboard-write; encrypted-media; gyroscope; picture-in-picture; web-share\" referrerpolicy=\"strict-origin-when-cross-origin\" allowfullscreen><\/iframe>\n<\/div><\/figure>\n\n\n\n<p>Lista de Reproducci\u00f3n de las capsulas Educativas de Derecho Procesal Civil \u2013 Preparaci\u00f3n para el Examen de Grado, se reproducen continuamente una a una en forma cronol\u00f3gica, material creado para estudiantes y egresados de la carrera de Derecho de las universidades de la Rep\u00fablica de Chile<\/p>\n\n\n\n<figure class=\"wp-block-embed is-type-video is-provider-youtube wp-block-embed-youtube wp-embed-aspect-16-9 wp-has-aspect-ratio\"><div class=\"wp-block-embed__wrapper\">\n<iframe loading=\"lazy\" title=\"Capsula 1 - Derecho Procesal - Medios de Resoluci\u00f3n de Conflicto, Jurisdicci\u00f3n\" width=\"720\" height=\"405\" src=\"https:\/\/www.youtube.com\/embed\/yT6mw6SQFo8?list=PLZ_F91lgupD_EaXmo03ElrTKmb_w7wjxk\" frameborder=\"0\" allow=\"accelerometer; autoplay; clipboard-write; encrypted-media; gyroscope; picture-in-picture; web-share\" referrerpolicy=\"strict-origin-when-cross-origin\" allowfullscreen><\/iframe>\n<\/div><\/figure>\n\n\n\n<p>Lista de Reproducciones de las Clases Impartidas a Estudiantes de Derechos en la Rep\u00fablica de Chile que se encuentran Egresados y preparando su examen de grado.<\/p>\n\n\n\n<figure class=\"wp-block-embed is-type-video is-provider-youtube wp-block-embed-youtube wp-embed-aspect-16-9 wp-has-aspect-ratio\"><div class=\"wp-block-embed__wrapper\">\n<iframe loading=\"lazy\" title=\"Clases de Derecho - Acto Jur\u00eddico 14\/04\/2023 con IGNACIO E. ALARC\u00d3N BENAVIDES\" width=\"720\" height=\"405\" src=\"https:\/\/www.youtube.com\/embed\/z5-ucszkLWc?list=PLZ_F91lgupD_K4A6SqXbvc5Wni9qvhgDa\" frameborder=\"0\" allow=\"accelerometer; autoplay; clipboard-write; encrypted-media; gyroscope; picture-in-picture; web-share\" referrerpolicy=\"strict-origin-when-cross-origin\" allowfullscreen><\/iframe>\n<\/div><\/figure>\n\n\n\n<p>Hablemos de Derecho con IGNACIO ENRIQUE ALARC\u00d3N BENAVIDES. grupo de conversaci\u00f3n entre profesionales del \u00e1rea del Derecho \u2013 quieres participar WhatsApp +56996359915; Todos los mi\u00e9rcoles<\/p>\n\n\n\n<figure class=\"wp-block-embed is-type-video is-provider-youtube wp-block-embed-youtube wp-embed-aspect-16-9 wp-has-aspect-ratio\"><div class=\"wp-block-embed__wrapper\">\n<iframe loading=\"lazy\" title=\"Hablemos de Derecho con IGNACIO ENRIQUE ALARC\u00d3N BENAVIDES. quieres participar whatsapp +56996359915\" width=\"720\" height=\"405\" src=\"https:\/\/www.youtube.com\/embed\/4wvLNBntySs?list=PLZ_F91lgupD_zTw19mjeGYijNJzwh108I\" frameborder=\"0\" allow=\"accelerometer; autoplay; clipboard-write; encrypted-media; gyroscope; picture-in-picture; web-share\" referrerpolicy=\"strict-origin-when-cross-origin\" allowfullscreen><\/iframe>\n<\/div><\/figure>\n\n\n\n<p>Lista de Reproducci\u00f3n de Pods Cat &amp; Late en Vivo, transmisiones online en Derecho compartido a la ciudadan\u00eda<\/p>\n\n\n\n<figure class=\"wp-block-embed is-type-video is-provider-youtube wp-block-embed-youtube wp-embed-aspect-16-9 wp-has-aspect-ratio\"><div class=\"wp-block-embed__wrapper\">\n<iframe loading=\"lazy\" title=\"Cl\u00ednica Jurica Online - 04 de febrero de 2022 -\" width=\"720\" height=\"405\" src=\"https:\/\/www.youtube.com\/embed\/biHC5yOZkwM?list=PLZ_F91lgupD_tVQrgTjly8lDj56lfH_xh\" frameborder=\"0\" allow=\"accelerometer; autoplay; clipboard-write; encrypted-media; gyroscope; picture-in-picture; web-share\" referrerpolicy=\"strict-origin-when-cross-origin\" allowfullscreen><\/iframe>\n<\/div><\/figure>\n\n\n\n<p>Reportaje de Teletrece con activa participaci\u00f3n de nuestro abogado Ignacio Alarc\u00f3n en representaci\u00f3n de su cliente<\/p>\n\n\n\n<figure class=\"wp-block-embed is-type-video is-provider-youtube wp-block-embed-youtube wp-embed-aspect-16-9 wp-has-aspect-ratio\"><div class=\"wp-block-embed__wrapper\">\n<iframe loading=\"lazy\" title=\"Candidata a concejal es acusada de quedarse con fondos para ni\u00f1os TEA #ReportajesT13\" width=\"720\" height=\"405\" src=\"https:\/\/www.youtube.com\/embed\/9Q9-rq5UL2w?feature=oembed\" frameborder=\"0\" allow=\"accelerometer; autoplay; clipboard-write; encrypted-media; gyroscope; picture-in-picture; web-share\" referrerpolicy=\"strict-origin-when-cross-origin\" allowfullscreen><\/iframe>\n<\/div><\/figure>\n","protected":false},"excerpt":{"rendered":"<p>Lista de Reproducci\u00f3n de las capsulas Educativas de Derecho Civil \u2013 Preparaci\u00f3n para el Examen de Grado, se reproducen continuamente una a una en forma cronol\u00f3gica, material creado para estudiantes y egresados de la carrera de Derecho de las universidades de la Rep\u00fablica de Chile Lista de Reproducci\u00f3n de las capsulas Educativas de Derecho Procesal&#8230;<\/p>\n","protected":false},"author":1,"featured_media":0,"parent":0,"menu_order":0,"comment_status":"closed","ping_status":"closed","template":"","meta":{"_kadence_starter_templates_imported_post":false,"_kad_post_transparent":"","_kad_post_title":"","_kad_post_layout":"","_kad_post_sidebar_id":"","_kad_post_content_style":"","_kad_post_vertical_padding":"","_kad_post_feature":"","_kad_post_feature_position":"","_kad_post_header":false,"_kad_post_footer":false,"_kad_post_classname":"","footnotes":""},"class_list":["post-114","page","type-page","status-publish","hentry"],"_links":{"self":[{"href":"https:\/\/asesoriasjuridicas.cl\/index.php\/wp-json\/wp\/v2\/pages\/114","targetHints":{"allow":["GET"]}}],"collection":[{"href":"https:\/\/asesoriasjuridicas.cl\/index.php\/wp-json\/wp\/v2\/pages"}],"about":[{"href":"https:\/\/asesoriasjuridicas.cl\/index.php\/wp-json\/wp\/v2\/types\/page"}],"author":[{"embeddable":true,"href":"https:\/\/asesoriasjuridicas.cl\/index.php\/wp-json\/wp\/v2\/users\/1"}],"replies":[{"embeddable":true,"href":"https:\/\/asesoriasjuridicas.cl\/index.php\/wp-json\/wp\/v2\/comments?post=114"}],"version-history":[{"count":4,"href":"https:\/\/asesoriasjuridicas.cl\/index.php\/wp-json\/wp\/v2\/pages\/114\/revisions"}],"predecessor-version":[{"id":217,"href":"https:\/\/asesoriasjuridicas.cl\/index.php\/wp-json\/wp\/v2\/pages\/114\/revisions\/217"}],"wp:attachment":[{"href":"https:\/\/asesoriasjuridicas.cl\/index.php\/wp-json\/wp\/v2\/media?parent=114"}],"curies":[{"name":"wp","href":"https:\/\/api.w.org\/{rel}","templated":true}]}}