{"id":112,"date":"2024-08-26T19:25:24","date_gmt":"2024-08-26T19:25:24","guid":{"rendered":"https:\/\/asesoriasjuridicas.cl\/?page_id=112"},"modified":"2024-08-26T21:33:27","modified_gmt":"2024-08-26T21:33:27","slug":"justicia-militar","status":"publish","type":"page","link":"https:\/\/asesoriasjuridicas.cl\/index.php\/justicia-militar\/","title":{"rendered":"Justicia Militar"},"content":{"rendered":"\n<p><strong>\u00bfCu\u00e1l es la jurisdicci\u00f3n de los Tribunales Militares?<\/strong><br>Los Tribunales Militares tienen jurisdicci\u00f3n sobre los chilenos y extranjeros, para juzgar todos los asuntos de la jurisdicci\u00f3n militar que sobrevengan en el territorio nacional, pero tambi\u00e9n fuera del territorio, en los siguientes casos:<\/p>\n\n\n\n<ul class=\"wp-block-list\">\n<li>Cuando acontezcan dentro de un territorio ocupado militarmente por las armas chilenas.<\/li>\n\n\n\n<li>Cuando se trate de delitos cometidos por militares en el ejercicio de sus funciones o en comisiones del servicio.<\/li>\n\n\n\n<li>Cuando se trate de delitos contra la soberan\u00eda del Estado y su seguridad exterior o interior, contemplados en el C\u00f3digo de Justicia Militar, en otros C\u00f3digos y leyes especiales, cometidos exclusivamente por militares, o bien por civiles y militares conjuntamente.<\/li>\n<\/ul>\n\n\n\n<p>Los delitos que procesa son principalmente:<\/p>\n\n\n\n<ul class=\"wp-block-list\">\n<li>Delitos especificados en el C\u00f3digo de Justicia Militar, en especial cr\u00edmenes de guerra.<\/li>\n\n\n\n<li>Infracciones al C\u00f3digo Aeron\u00e1utico.<\/li>\n\n\n\n<li>Infracciones a las leyes sobre reclutamiento y movilizaci\u00f3n.<\/li>\n<\/ul>\n\n\n\n<p><strong>\u00bfQu\u00e9 pasa cuando las v\u00edctimas son civiles?<\/strong><\/p>\n\n\n\n<p>En ning\u00fan caso, los civiles y los menores de edad, que revistan la calidad de v\u00edctimas o de imputados, estar\u00e1n sujetos a la competencia de los tribunales militares. La competencia en estos casos siempre se radicar\u00e1 en los tribunales ordinarios con competencia en materia penal.<\/p>\n\n\n\n<p>Los civiles son todas aquellas personas que no revisten la calidad de militar.<\/p>\n\n\n\n<p><strong>\u00bfA qu\u00e9 personas procesa la Justicia Militar?<\/strong><br>Solamente a militares, definidos por el art\u00edculo 6\u00b0 del C\u00f3digo de Justicia Militar como \u201clos funcionarios pertenecientes a las Fuerzas Armadas y de Carabineros de Chile, constituidos por el personal de planta, personal llamado al servicio y el personal de reserva llamado al servicio activo. Adem\u00e1s, se considerar\u00e1n militares los soldados conscriptos; los Oficiales de Reclutamiento; las personas que sigan a las Fuerzas Armadas en estado de guerra; los prisioneros de guerra, que revistan el car\u00e1cter de militar, los cadetes, grumetes, aprendices y alumnos regulares de las Escuelas Institucionales y de Carabineros de Chile\u201d.<br><br>Para efectos de determinar si la Justicia Militar es competente o no para conocer de un delito, la persona debe tener la calidad de militar al momento de cometerlo. Sin embargo, cuando la v\u00edctima es un civil, el caso es de competencia de la justicia ordinaria.<\/p>\n\n\n\n<p><strong>\u00bfPuede un tribunal militar juzgar a un civil?<\/strong><br>No, la Justicia Militar compete s\u00f3lo a personal militar. Los civiles y especialmente los menores de edad deben ser procesados por la justicia ordinaria.<\/p>\n\n\n\n<p><strong>\u00bfQu\u00e9 tribunal es competente en el caso de que un civil agreda a un militar o un carabinero?<\/strong><br>S\u00f3lo la justicia ordinaria es competente para juzgar a un civil, sin importar el delito que haya cometido.<\/p>\n\n\n\n<p><strong>\u00bfPuede un militar ser juzgado por la justicia ordinaria?<\/strong><\/p>\n\n\n\n<p>S\u00ed, cuando comete un delito com\u00fan que no ocurra en estado de guerra, en un acto del servicio militar o en general en recintos militares o policiales o cuando la v\u00edctima es un civil.<\/p>\n\n\n\n<figure class=\"wp-block-image size-full is-resized\"><img loading=\"lazy\" decoding=\"async\" width=\"442\" height=\"288\" src=\"https:\/\/asesoriasjuridicas.cl\/wp-content\/uploads\/2024\/08\/corte-marcial.jpg\" alt=\"\" class=\"wp-image-43\" style=\"width:786px;height:auto\" srcset=\"https:\/\/asesoriasjuridicas.cl\/wp-content\/uploads\/2024\/08\/corte-marcial.jpg 442w, https:\/\/asesoriasjuridicas.cl\/wp-content\/uploads\/2024\/08\/corte-marcial-300x195.jpg 300w\" sizes=\"auto, (max-width: 442px) 100vw, 442px\" \/><\/figure>\n\n\n\n<p><\/p>\n","protected":false},"excerpt":{"rendered":"<p>\u00bfCu\u00e1l es la jurisdicci\u00f3n de los Tribunales Militares?Los Tribunales Militares tienen jurisdicci\u00f3n sobre los chilenos y extranjeros, para juzgar todos los asuntos de la jurisdicci\u00f3n militar que sobrevengan en el territorio nacional, pero tambi\u00e9n fuera del territorio, en los siguientes casos: Los delitos que procesa son principalmente: \u00bfQu\u00e9 pasa cuando las v\u00edctimas son civiles? En&#8230;<\/p>\n","protected":false},"author":1,"featured_media":0,"parent":0,"menu_order":0,"comment_status":"closed","ping_status":"closed","template":"","meta":{"_kadence_starter_templates_imported_post":false,"_kad_post_transparent":"","_kad_post_title":"","_kad_post_layout":"","_kad_post_sidebar_id":"","_kad_post_content_style":"","_kad_post_vertical_padding":"","_kad_post_feature":"","_kad_post_feature_position":"","_kad_post_header":false,"_kad_post_footer":false,"_kad_post_classname":"","footnotes":""},"class_list":["post-112","page","type-page","status-publish","hentry"],"_links":{"self":[{"href":"https:\/\/asesoriasjuridicas.cl\/index.php\/wp-json\/wp\/v2\/pages\/112","targetHints":{"allow":["GET"]}}],"collection":[{"href":"https:\/\/asesoriasjuridicas.cl\/index.php\/wp-json\/wp\/v2\/pages"}],"about":[{"href":"https:\/\/asesoriasjuridicas.cl\/index.php\/wp-json\/wp\/v2\/types\/page"}],"author":[{"embeddable":true,"href":"https:\/\/asesoriasjuridicas.cl\/index.php\/wp-json\/wp\/v2\/users\/1"}],"replies":[{"embeddable":true,"href":"https:\/\/asesoriasjuridicas.cl\/index.php\/wp-json\/wp\/v2\/comments?post=112"}],"version-history":[{"count":3,"href":"https:\/\/asesoriasjuridicas.cl\/index.php\/wp-json\/wp\/v2\/pages\/112\/revisions"}],"predecessor-version":[{"id":190,"href":"https:\/\/asesoriasjuridicas.cl\/index.php\/wp-json\/wp\/v2\/pages\/112\/revisions\/190"}],"wp:attachment":[{"href":"https:\/\/asesoriasjuridicas.cl\/index.php\/wp-json\/wp\/v2\/media?parent=112"}],"curies":[{"name":"wp","href":"https:\/\/api.w.org\/{rel}","templated":true}]}}