{"id":111,"date":"2024-08-26T19:25:24","date_gmt":"2024-08-26T19:25:24","guid":{"rendered":"https:\/\/asesoriasjuridicas.cl\/?page_id=111"},"modified":"2024-08-26T21:31:52","modified_gmt":"2024-08-26T21:31:52","slug":"calificacion-elecciones","status":"publish","type":"page","link":"https:\/\/asesoriasjuridicas.cl\/index.php\/calificacion-elecciones\/","title":{"rendered":"Calificaci\u00f3n Elecciones"},"content":{"rendered":"\n<p>Representamos en impugnaciones de los resultados electorales, el Tribunal puede ser responsable de la certificaci\u00f3n de diversos aspectos de las elecciones, incluyendo listas de votantes y escrutinios finales. Si eres candidato en alguna elecci\u00f3n popular no dudes en contactarnos con anticipaci\u00f3n a la elecci\u00f3n.<\/p>\n\n\n\n<figure class=\"wp-block-image size-full is-resized\"><img loading=\"lazy\" decoding=\"async\" width=\"589\" height=\"332\" src=\"https:\/\/asesoriasjuridicas.cl\/wp-content\/uploads\/2024\/08\/calificador-de-elecciones.jpg\" alt=\"\" class=\"wp-image-40\" style=\"width:787px;height:auto\" srcset=\"https:\/\/asesoriasjuridicas.cl\/wp-content\/uploads\/2024\/08\/calificador-de-elecciones.jpg 589w, https:\/\/asesoriasjuridicas.cl\/wp-content\/uploads\/2024\/08\/calificador-de-elecciones-300x169.jpg 300w\" sizes=\"auto, (max-width: 589px) 100vw, 589px\" \/><\/figure>\n","protected":false},"excerpt":{"rendered":"<p>Representamos en impugnaciones de los resultados electorales, el Tribunal puede ser responsable de la certificaci\u00f3n de diversos aspectos de las elecciones, incluyendo listas de votantes y escrutinios finales. Si eres candidato en alguna elecci\u00f3n popular no dudes en contactarnos con anticipaci\u00f3n a la elecci\u00f3n.<\/p>\n","protected":false},"author":1,"featured_media":0,"parent":0,"menu_order":0,"comment_status":"closed","ping_status":"closed","template":"","meta":{"_kadence_starter_templates_imported_post":false,"_kad_post_transparent":"","_kad_post_title":"","_kad_post_layout":"","_kad_post_sidebar_id":"","_kad_post_content_style":"","_kad_post_vertical_padding":"","_kad_post_feature":"","_kad_post_feature_position":"","_kad_post_header":false,"_kad_post_footer":false,"_kad_post_classname":"","footnotes":""},"class_list":["post-111","page","type-page","status-publish","hentry"],"_links":{"self":[{"href":"https:\/\/asesoriasjuridicas.cl\/index.php\/wp-json\/wp\/v2\/pages\/111","targetHints":{"allow":["GET"]}}],"collection":[{"href":"https:\/\/asesoriasjuridicas.cl\/index.php\/wp-json\/wp\/v2\/pages"}],"about":[{"href":"https:\/\/asesoriasjuridicas.cl\/index.php\/wp-json\/wp\/v2\/types\/page"}],"author":[{"embeddable":true,"href":"https:\/\/asesoriasjuridicas.cl\/index.php\/wp-json\/wp\/v2\/users\/1"}],"replies":[{"embeddable":true,"href":"https:\/\/asesoriasjuridicas.cl\/index.php\/wp-json\/wp\/v2\/comments?post=111"}],"version-history":[{"count":2,"href":"https:\/\/asesoriasjuridicas.cl\/index.php\/wp-json\/wp\/v2\/pages\/111\/revisions"}],"predecessor-version":[{"id":188,"href":"https:\/\/asesoriasjuridicas.cl\/index.php\/wp-json\/wp\/v2\/pages\/111\/revisions\/188"}],"wp:attachment":[{"href":"https:\/\/asesoriasjuridicas.cl\/index.php\/wp-json\/wp\/v2\/media?parent=111"}],"curies":[{"name":"wp","href":"https:\/\/api.w.org\/{rel}","templated":true}]}}