{"id":106,"date":"2024-08-26T19:25:24","date_gmt":"2024-08-26T19:25:24","guid":{"rendered":"https:\/\/asesoriasjuridicas.cl\/?page_id=106"},"modified":"2024-10-10T20:29:12","modified_gmt":"2024-10-10T20:29:12","slug":"penal-2","status":"publish","type":"page","link":"https:\/\/asesoriasjuridicas.cl\/index.php\/penal-2\/","title":{"rendered":"Penal"},"content":{"rendered":"\n<p>El Derecho Penal chileno sigue la tradici\u00f3n alemana de dicha rama. Por lo tanto, se trata de un derecho lleno de doctrina y jurisprudencia, que es necesario conocer cabalmente para prevenir las consecuencias jur\u00eddicas que se puedan producir por su incumplimiento, las cuales suelen ser las m\u00e1s duras de todo el ordenamiento jur\u00eddico, pudiendo ir desde una elevada multa hasta la privaci\u00f3n de libertad, pasando por la disoluci\u00f3n de las personas jur\u00eddicas de derecho privado, y sancionando conductas que hace solo una d\u00e9cada no lo estaba, como lo es el cohecho o corrupci\u00f3n entre privados, etc.<\/p>\n\n\n\n<p>En&nbsp;<strong><em>Asesoriasjuridicas.cl<\/em><\/strong>&nbsp;desarrollamos estrategias orientadas a promover los cambios que requieran nuestros clientes.<\/p>\n\n\n\n<p>Es por lo anterior, que tanto la persona como la empresa requiere de un servicio de un nivel tan alto, que s\u00f3lo firmas prestigiosas y bien establecidas como&nbsp;<strong><em>Asesoriasjuridicas.cl<\/em><\/strong>&nbsp;pueden dar.<\/p>\n\n\n\n<p>Nuestros servicios de m\u00e1s alta demanda son:<\/p>\n\n\n\n<p>\u2013&nbsp;&nbsp;Manejo en Estado de Ebriedad<\/p>\n\n\n\n<p>\u2013&nbsp; Manejo bajo la Influencia del Alcohol<\/p>\n\n\n\n<p>\u2013&nbsp; Procedimientos Monitorios<\/p>\n\n\n\n<p>\u2013&nbsp; Procedimientos Simplificados<\/p>\n\n\n\n<p>\u2013&nbsp; Juicio Oral en lo Penal<\/p>\n\n\n\n<p>Razones para acudir a un abogado de Derecho Penal.<\/p>\n\n\n\n<p>\u00bfEst\u00e1s atravesando por alguna de estas situaciones por&nbsp;Manejo en estado de Ebriedad?<\/p>\n\n\n\n<ul class=\"wp-block-list\">\n<li>Te fiscalizaron ebrio o bajo la influencia del alcohol o estupefacientes<\/li>\n\n\n\n<li>Te suspendieron la licencia de conducir<\/li>\n\n\n\n<li>Chocaste y hubo lesiones leves, graves o muerte de terceros<\/li>\n\n\n\n<li>Te negaste a realizar el test de alcoholemia o intoxilyzer<\/li>\n\n\n\n<li>Eres reincidente en la Ley Emilia<\/li>\n<\/ul>\n\n\n\n<p>Sobre las sanciones que puedes enfrentar:<\/p>\n\n\n\n<p>En Chile, las sanciones por conducir en estado de ebriedad o bajo la influencia del alcohol o drogas est\u00e1n establecidas en la Ley N\u00b0 18.290, Ley de Tr\u00e1nsito, y sus modificaciones posteriores, como la Ley N\u00b0 20.770, Ley Emilia. Las sanciones var\u00edan seg\u00fan el grado de intoxicaci\u00f3n y las circunstancias del caso. Aqu\u00ed hay una lista de sanciones posibles:<\/p>\n\n\n\n<p><strong>1. Conducir bajo la influencia del alcohol (alcoholemia entre 0.3 y 0.8 gramos por mil en sangre):<\/strong><\/p>\n\n\n\n<ul class=\"wp-block-list\">\n<li>Multa de 1 a 3 UTM (Unidades Tributarias Mensuales).<\/li>\n\n\n\n<li>Suspensi\u00f3n de la licencia de conducir por 90 d\u00edas.<\/li>\n<\/ul>\n\n\n\n<p><strong>2. Conducir en estado de ebriedad (alcoholemia igual o superior a 0.8 gramos por mil en sangre):<\/strong><\/p>\n\n\n\n<ul class=\"wp-block-list\">\n<li>Multa de 8 a 20 UTM.<\/li>\n\n\n\n<li>Presidio menor en su grado m\u00ednimo a medio (61 d\u00edas a 3 a\u00f1os).<\/li>\n\n\n\n<li>Inhabilitaci\u00f3n perpetua para obtener licencia de conducir si es reincidente.<\/li>\n\n\n\n<li>Suspensi\u00f3n de la licencia de conducir por 2 a\u00f1os, si es primera vez.<\/li>\n<\/ul>\n\n\n\n<p><strong>3. Conducir bajo la influencia de drogas estupefacientes o sicotr\u00f3picas:<\/strong><\/p>\n\n\n\n<ul class=\"wp-block-list\">\n<li>Multa de 1 a 3 UTM.<\/li>\n\n\n\n<li>Presidio menor en su grado m\u00ednimo a medio (61 d\u00edas a 3 a\u00f1os).<\/li>\n\n\n\n<li>Suspensi\u00f3n de la licencia de conducir por 2 a\u00f1os.<\/li>\n<\/ul>\n\n\n\n<p><strong>4. Si se ocasiona lesiones graves o la muerte de una persona debido a la conducci\u00f3n en estado de ebriedad o bajo la influencia de drogas:<\/strong><\/p>\n\n\n\n<ul class=\"wp-block-list\">\n<li>Presidio mayor en su grado m\u00ednimo a medio (5 a\u00f1os y un d\u00eda a 15 a\u00f1os).<\/li>\n\n\n\n<li>Inhabilitaci\u00f3n perpetua para obtener licencia de conducir.<\/li>\n<\/ul>\n\n\n\n<p><strong>5. Si se niega a someterse a la prueba de alcoholemia o de drogas:<\/strong><\/p>\n\n\n\n<ul class=\"wp-block-list\">\n<li>Multa de 1 a 10 UTM.<\/li>\n\n\n\n<li>Suspensi\u00f3n de la licencia de conducir por 2 a\u00f1os.<\/li>\n<\/ul>\n\n\n\n<p>Estas sanciones pueden ser m\u00e1s severas si hay circunstancias agravantes, como la reincidencia o la conducci\u00f3n sin licencia v\u00e1lida. Adem\u00e1s, el juez puede imponer medidas cautelares, como la retenci\u00f3n del veh\u00edculo o la prohibici\u00f3n de salir del pa\u00eds durante el proceso penal. Es crucial contar con un abogado especializado en estos casos para enfrentar adecuadamente las acusaciones y minimizar las consecuencias legales. \u00a1NECESITAS UN ABOGADO PENALISTA URGENTE!<\/p>\n\n\n\n<figure class=\"wp-block-image size-full is-resized\"><img loading=\"lazy\" decoding=\"async\" width=\"589\" height=\"393\" src=\"https:\/\/asesoriasjuridicas.cl\/wp-content\/uploads\/2024\/08\/penal.jpg\" alt=\"\" class=\"wp-image-53\" style=\"width:784px;height:auto\" srcset=\"https:\/\/asesoriasjuridicas.cl\/wp-content\/uploads\/2024\/08\/penal.jpg 589w, https:\/\/asesoriasjuridicas.cl\/wp-content\/uploads\/2024\/08\/penal-300x200.jpg 300w\" sizes=\"auto, (max-width: 589px) 100vw, 589px\" \/><\/figure>\n\n\n\n<p><strong>Gu\u00eda para la conducci\u00f3n de la audiencia de preparaci\u00f3n de juicio oral<\/strong>\u00a0\u2013 <a href=\"https:\/\/guias.academiajudicial.cl\/guia-para-la-conduccion-de-la-audiencia-de-preparacion-de-juicio-oral\/mensaje-inicial\/\">https:\/\/guias.academiajudicial.cl\/guia-para-la-conduccion-de-la-audiencia-de-preparacion-de-juicio-oral\/mensaje-inicial\/<\/a><\/p>\n\n\n\n<p><strong>Gu\u00eda para la Conducci\u00f3n de Audiencia del Proceso Penal<\/strong>\u00a0\u2013 <a href=\"https:\/\/guias.academiajudicial.cl\/apoyo-conduccion-primera-audiencia-proceso-penal\/actividades-y-buenas-practicas-previas-a-la-audiencia\/\">https:\/\/guias.academiajudicial.cl\/apoyo-conduccion-primera-audiencia-proceso-penal\/actividades-y-buenas-practicas-previas-a-la-audiencia\/<\/a><\/p>\n\n\n\n<p><strong>Gu\u00eda para la Conducci\u00f3n de la Audiencia del Procedimiento Monitorio<\/strong>\u00a0\u2013 <a href=\"https:\/\/guias.academiajudicial.cl\/guia-para-la-conduccion-de-la-audiencia-del-procedimiento-monitorio\/recomendacion-de-buenas-practicas-de-coordinacion-interinstitucional\/\">https:\/\/guias.academiajudicial.cl\/guia-para-la-conduccion-de-la-audiencia-del-procedimiento-monitorio\/recomendacion-de-buenas-practicas-de-coordinacion-interinstitucional\/<\/a><\/p>\n\n\n\n<p><strong>Gu\u00eda para la Conducci\u00f3n de la Audiencia del Procedimiento Abreviado<\/strong>\u00a0\u2013 <a href=\"https:\/\/guias.academiajudicial.cl\/guia-para-la-conduccion-de-la-audiencia-del-procedimiento-abreviado\/presentacion\/\">https:\/\/guias.academiajudicial.cl\/guia-para-la-conduccion-de-la-audiencia-del-procedimiento-abreviado\/presentacion\/<\/a><\/p>\n\n\n\n<p><strong>Gu\u00eda de la Audiencia del Procedimiento Simplificado<\/strong>\u00a0\u2013 <a href=\"https:\/\/guias.academiajudicial.cl\/guia-para-la-conduccion-de-la-audiencia-del-procedimiento-simplificado\/presentacion\/\">https:\/\/guias.academiajudicial.cl\/guia-para-la-conduccion-de-la-audiencia-del-procedimiento-simplificado\/presentacion\/<\/a><\/p>\n\n\n\n<p><strong>Gu\u00eda para las Conducci\u00f3n de Audiencia de Responsabilidad Penal Adolescente<\/strong>\u00a0\u2013 <a href=\"https:\/\/guias.academiajudicial.cl\/guia-para-la-conduccion-de-las-audiencias-de-la-ley-de-responsabilidad-penal-adolescente\/presentacion\/\">https:\/\/guias.academiajudicial.cl\/guia-para-la-conduccion-de-las-audiencias-de-la-ley-de-responsabilidad-penal-adolescente\/presentacion\/<\/a><\/p>\n","protected":false},"excerpt":{"rendered":"<p>El Derecho Penal chileno sigue la tradici\u00f3n alemana de dicha rama. Por lo tanto, se trata de un derecho lleno de doctrina y jurisprudencia, que es necesario conocer cabalmente para prevenir las consecuencias jur\u00eddicas que se puedan producir por su incumplimiento, las cuales suelen ser las m\u00e1s duras de todo el ordenamiento jur\u00eddico, pudiendo ir&#8230;<\/p>\n","protected":false},"author":1,"featured_media":0,"parent":0,"menu_order":0,"comment_status":"closed","ping_status":"closed","template":"","meta":{"_kadence_starter_templates_imported_post":false,"_kad_post_transparent":"","_kad_post_title":"","_kad_post_layout":"","_kad_post_sidebar_id":"","_kad_post_content_style":"","_kad_post_vertical_padding":"","_kad_post_feature":"","_kad_post_feature_position":"","_kad_post_header":false,"_kad_post_footer":false,"_kad_post_classname":"","footnotes":""},"class_list":["post-106","page","type-page","status-publish","hentry"],"_links":{"self":[{"href":"https:\/\/asesoriasjuridicas.cl\/index.php\/wp-json\/wp\/v2\/pages\/106","targetHints":{"allow":["GET"]}}],"collection":[{"href":"https:\/\/asesoriasjuridicas.cl\/index.php\/wp-json\/wp\/v2\/pages"}],"about":[{"href":"https:\/\/asesoriasjuridicas.cl\/index.php\/wp-json\/wp\/v2\/types\/page"}],"author":[{"embeddable":true,"href":"https:\/\/asesoriasjuridicas.cl\/index.php\/wp-json\/wp\/v2\/users\/1"}],"replies":[{"embeddable":true,"href":"https:\/\/asesoriasjuridicas.cl\/index.php\/wp-json\/wp\/v2\/comments?post=106"}],"version-history":[{"count":5,"href":"https:\/\/asesoriasjuridicas.cl\/index.php\/wp-json\/wp\/v2\/pages\/106\/revisions"}],"predecessor-version":[{"id":238,"href":"https:\/\/asesoriasjuridicas.cl\/index.php\/wp-json\/wp\/v2\/pages\/106\/revisions\/238"}],"wp:attachment":[{"href":"https:\/\/asesoriasjuridicas.cl\/index.php\/wp-json\/wp\/v2\/media?parent=106"}],"curies":[{"name":"wp","href":"https:\/\/api.w.org\/{rel}","templated":true}]}}